{"id":3246,"date":"2026-02-18T03:26:53","date_gmt":"2026-02-18T03:26:53","guid":{"rendered":"https:\/\/codigocomunicativo.com\/?page_id=3246"},"modified":"2026-03-18T07:56:21","modified_gmt":"2026-03-18T07:56:21","slug":"home","status":"publish","type":"page","link":"https:\/\/codigocomunicativo.com\/landing%20page\/","title":{"rendered":"HOME"},"content":{"rendered":"\t\t<div data-elementor-type=\"wp-page\" data-elementor-id=\"3246\" class=\"elementor elementor-3246\">\n\t\t\t\t<div class=\"elementor-element elementor-element-f7b5303 e-flex e-con-boxed e-con e-parent\" data-id=\"f7b5303\" data-element_type=\"container\" data-e-type=\"container\" data-settings=\"{&quot;background_background&quot;:&quot;classic&quot;}\">\n\t\t\t\t\t<div class=\"e-con-inner\">\n\t\t<div class=\"elementor-element elementor-element-15998fc e-con-full e-flex e-con e-child\" data-id=\"15998fc\" data-element_type=\"container\" data-e-type=\"container\">\n\t\t\t\t<div class=\"elementor-element elementor-element-b013e7b elementor-widget__width-initial elementor-widget elementor-widget-heading\" data-id=\"b013e7b\" data-element_type=\"widget\" data-e-type=\"widget\" data-widget_type=\"heading.default\">\n\t\t\t\t<div class=\"elementor-widget-container\">\n\t\t\t\t\t<h2 class=\"elementor-heading-title elementor-size-default\">La <span style=\"color: #2200ff\">Falta de Comunicaci\u00f3n<\/span> <span style=\"color: #2200ff\">Destruye<\/span> M\u00e1s Matrimonios que la<span style=\"color: #2200ff\"> Falta de Amor<\/span><\/h2>\t\t\t\t<\/div>\n\t\t\t\t<\/div>\n\t\t\t\t<div class=\"elementor-element elementor-element-460a9ae elementor-widget elementor-widget-text-editor\" data-id=\"460a9ae\" data-element_type=\"widget\" data-e-type=\"widget\" data-widget_type=\"text-editor.default\">\n\t\t\t\t<div class=\"elementor-widget-container\">\n\t\t\t\t\t\t\t\t\t<p>Esta gu\u00eda pr\u00e1ctica te ense\u00f1a a dominar la comunicaci\u00f3n, ser escuchada y cambiar la din\u00e1mica de tu relaci\u00f3n, si aprendes a comunicarte correctamente, las discusiones bajan, la conexi\u00f3n vuelve.<\/p>\t\t\t\t\t\t\t\t<\/div>\n\t\t\t\t<\/div>\n\t\t\t\t<div class=\"elementor-element elementor-element-488e5ea elementor-widget elementor-widget-html\" data-id=\"488e5ea\" data-element_type=\"widget\" data-e-type=\"widget\" data-widget_type=\"html.default\">\n\t\t\t\t<div class=\"elementor-widget-container\">\n\t\t\t\t\t<script src=\"https:\/\/fast.wistia.com\/player.js\" async><\/script><script src=\"https:\/\/fast.wistia.com\/embed\/5sba1uiatw.js\" async type=\"module\"><\/script><style>wistia-player[media-id='5sba1uiatw']:not(:defined) { background: center \/ contain no-repeat url('https:\/\/fast.wistia.com\/embed\/medias\/5sba1uiatw\/swatch'); display: block; filter: blur(5px); padding-top:56.25%; }<\/style> <wistia-player media-id=\"5sba1uiatw\" aspect=\"1.7777777777777777\"><\/wistia-player>\t\t\t\t<\/div>\n\t\t\t\t<\/div>\n\t\t\t\t<div class=\"elementor-element elementor-element-d31bde3 elementor-align-justify elementor-widget elementor-widget-button\" data-id=\"d31bde3\" data-element_type=\"widget\" data-e-type=\"widget\" data-widget_type=\"button.default\">\n\t\t\t\t<div class=\"elementor-widget-container\">\n\t\t\t\t\t\t\t\t\t<div class=\"elementor-button-wrapper\">\n\t\t\t\t\t<a class=\"elementor-button elementor-button-link elementor-size-sm\" href=\"https:\/\/pay.hotmart.com\/D104552309A?checkoutMode=10\">\n\t\t\t\t\t\t<span class=\"elementor-button-content-wrapper\">\n\t\t\t\t\t\t\t\t\t<span class=\"elementor-button-text\">S\u00ed, quiero dejar de discutir y empezar a entendernos<\/span>\n\t\t\t\t\t<\/span>\n\t\t\t\t\t<\/a>\n\t\t\t\t<\/div>\n\t\t\t\t\t\t\t\t<\/div>\n\t\t\t\t<\/div>\n\t\t\t\t<\/div>\n\t\t<div class=\"elementor-element elementor-element-3b6b5f4 e-con-full e-flex e-con e-child\" data-id=\"3b6b5f4\" data-element_type=\"container\" data-e-type=\"container\">\n\t\t\t\t<\/div>\n\t\t\t\t\t<\/div>\n\t\t\t\t<\/div>\n\t\t<div class=\"elementor-element elementor-element-62aadd4 e-flex e-con-boxed e-con e-parent\" data-id=\"62aadd4\" data-element_type=\"container\" data-e-type=\"container\" data-settings=\"{&quot;background_background&quot;:&quot;classic&quot;}\">\n\t\t\t\t\t<div class=\"e-con-inner\">\n\t\t<div class=\"elementor-element elementor-element-3d50dd6 e-con-full e-flex e-con e-child\" data-id=\"3d50dd6\" data-element_type=\"container\" data-e-type=\"container\">\n\t\t\t\t<div class=\"elementor-element elementor-element-f10153d elementor-widget elementor-widget-heading\" data-id=\"f10153d\" data-element_type=\"widget\" data-e-type=\"widget\" data-widget_type=\"heading.default\">\n\t\t\t\t<div class=\"elementor-widget-container\">\n\t\t\t\t\t<h2 class=\"elementor-heading-title elementor-size-default\">\u00a9 C\u00d3DIGO COMUNICATIVO - 2026<\/h2>\t\t\t\t<\/div>\n\t\t\t\t<\/div>\n\t\t\t\t<\/div>\n\t\t<div class=\"elementor-element elementor-element-79bb18b e-con-full e-flex e-con e-child\" data-id=\"79bb18b\" data-element_type=\"container\" data-e-type=\"container\">\n\t\t\t\t<\/div>\n\t\t\t\t\t<\/div>\n\t\t\t\t<\/div>\n\t\t\t\t<\/div>\n\t\t","protected":false},"excerpt":{"rendered":"<p>La Falta de Comunicaci\u00f3n Destruye M\u00e1s Matrimonios que la Falta de Amor Esta gu\u00eda pr\u00e1ctica te ense\u00f1a a dominar la comunicaci\u00f3n, ser escuchada y cambiar la din\u00e1mica de tu relaci\u00f3n, si aprendes a comunicarte correctamente, las discusiones bajan, la conexi\u00f3n vuelve. S\u00ed, quiero dejar de discutir y empezar a entendernos \u00a9 C\u00d3DIGO COMUNICATIVO &#8211; 2026<\/p>\n","protected":false},"author":1,"featured_media":0,"parent":0,"menu_order":0,"comment_status":"closed","ping_status":"closed","template":"elementor_canvas","meta":{"_uag_custom_page_level_css":"","footnotes":""},"class_list":["post-3246","page","type-page","status-publish","hentry"],"aioseo_notices":[],"_hostinger_reach_plugin_has_subscription_block":false,"_hostinger_reach_plugin_is_elementor":false,"uagb_featured_image_src":{"full":false,"thumbnail":false,"medium":false,"medium_large":false,"large":false,"1536x1536":false,"2048x2048":false},"uagb_author_info":{"display_name":"steevetoussaint50@gmail.com","author_link":"https:\/\/codigocomunicativo.com\/landing%20page\/author\/steevetoussaint50gmail-com\/"},"uagb_comment_info":0,"uagb_excerpt":"La Falta de Comunicaci\u00f3n Destruye M\u00e1s Matrimonios que la Falta de Amor Esta gu\u00eda pr\u00e1ctica te ense\u00f1a a dominar la comunicaci\u00f3n, ser escuchada y cambiar la din\u00e1mica de tu relaci\u00f3n, si aprendes a comunicarte correctamente, las discusiones bajan, la conexi\u00f3n vuelve. S\u00ed, quiero dejar de discutir y empezar a entendernos \u00a9 C\u00d3DIGO COMUNICATIVO &#8211; 2026","_links":{"self":[{"href":"https:\/\/codigocomunicativo.com\/landing%20page\/wp-json\/wp\/v2\/pages\/3246","targetHints":{"allow":["GET"]}}],"collection":[{"href":"https:\/\/codigocomunicativo.com\/landing%20page\/wp-json\/wp\/v2\/pages"}],"about":[{"href":"https:\/\/codigocomunicativo.com\/landing%20page\/wp-json\/wp\/v2\/types\/page"}],"author":[{"embeddable":true,"href":"https:\/\/codigocomunicativo.com\/landing%20page\/wp-json\/wp\/v2\/users\/1"}],"replies":[{"embeddable":true,"href":"https:\/\/codigocomunicativo.com\/landing%20page\/wp-json\/wp\/v2\/comments?post=3246"}],"version-history":[{"count":169,"href":"https:\/\/codigocomunicativo.com\/landing%20page\/wp-json\/wp\/v2\/pages\/3246\/revisions"}],"predecessor-version":[{"id":3434,"href":"https:\/\/codigocomunicativo.com\/landing%20page\/wp-json\/wp\/v2\/pages\/3246\/revisions\/3434"}],"wp:attachment":[{"href":"https:\/\/codigocomunicativo.com\/landing%20page\/wp-json\/wp\/v2\/media?parent=3246"}],"curies":[{"name":"wp","href":"https:\/\/api.w.org\/{rel}","templated":true}]}}